{"id":316,"date":"2025-10-20T11:01:28","date_gmt":"2025-10-20T11:01:28","guid":{"rendered":"https:\/\/inovaconsultoria.eng.br\/v2\/?page_id=316"},"modified":"2025-11-04T11:42:50","modified_gmt":"2025-11-04T11:42:50","slug":"blog","status":"publish","type":"page","link":"https:\/\/inovaconsultoria.eng.br\/v2\/blog\/","title":{"rendered":"Blog"},"content":{"rendered":"\t\t<div data-elementor-type=\"wp-page\" data-elementor-id=\"316\" class=\"elementor elementor-316\">\n\t\t\t\t<div class=\"elementor-element elementor-element-1c0b985 e-flex e-con-boxed wpr-particle-no wpr-jarallax-no wpr-parallax-no wpr-sticky-section-no wpr-column-slider-no wpr-equal-height-no e-con e-parent\" data-id=\"1c0b985\" data-element_type=\"container\" data-e-type=\"container\">\n\t\t\t\t\t<div class=\"e-con-inner\">\n\t\t<div class=\"elementor-element elementor-element-7d3f0fa e-con-full e-flex wpr-particle-no wpr-jarallax-no wpr-parallax-no wpr-sticky-section-no wpr-column-slider-no wpr-equal-height-no e-con e-child\" data-id=\"7d3f0fa\" data-element_type=\"container\" data-e-type=\"container\">\n\t\t\t\t<div class=\"elementor-element elementor-element-b415cdf elementor-widget__width-inherit elementor-widget elementor-widget-hfe-basic-posts\" data-id=\"b415cdf\" data-element_type=\"widget\" data-e-type=\"widget\" data-widget_type=\"hfe-basic-posts.default\">\n\t\t\t\t<div class=\"elementor-widget-container\">\n\t\t\t\t\t\n<div class=\"hfe-posts-grid\">\n\t\t\t<article class=\"hfe-post-card\">\n\t\t\t\t\t\t\t<div class=\"hfe-post-image\">\n\t\t\t\t\t<a href=\"https:\/\/inovaconsultoria.eng.br\/v2\/por-que-contratar-um-consultor-imparcial-se-ja-pago-pela-manutencao-entenda-os-papeis-e-proteja-o-seu-investimento\/\" rel=\"bookmark\">\n\t\t\t\t\t\t<img loading=\"lazy\" decoding=\"async\" width=\"300\" height=\"200\" src=\"https:\/\/inovaconsultoria.eng.br\/v2\/wp-content\/uploads\/2025\/11\/handsome-business-man-engineer-hard-hat-building-300x200.jpg\" class=\"attachment-medium size-medium wp-post-image\" alt=\"Por Que Contratar Um Consultor Imparcial Se J\u00e1 Pago Pela Manuten\u00e7\u00e3o? Entenda Os Pap\u00e9is E Proteja O Seu Investimento.\" loading=\"lazy\" srcset=\"https:\/\/inovaconsultoria.eng.br\/v2\/wp-content\/uploads\/2025\/11\/handsome-business-man-engineer-hard-hat-building-300x200.jpg 300w, https:\/\/inovaconsultoria.eng.br\/v2\/wp-content\/uploads\/2025\/11\/handsome-business-man-engineer-hard-hat-building-1024x683.jpg 1024w, https:\/\/inovaconsultoria.eng.br\/v2\/wp-content\/uploads\/2025\/11\/handsome-business-man-engineer-hard-hat-building-768x512.jpg 768w, https:\/\/inovaconsultoria.eng.br\/v2\/wp-content\/uploads\/2025\/11\/handsome-business-man-engineer-hard-hat-building-1536x1024.jpg 1536w, https:\/\/inovaconsultoria.eng.br\/v2\/wp-content\/uploads\/2025\/11\/handsome-business-man-engineer-hard-hat-building-2048x1365.jpg 2048w\" sizes=\"auto, (max-width: 300px) 100vw, 300px\" \/>\t\t\t\t\t<\/a>\n\t\t\t\t<\/div>\n\t\t\t\n\t\t\t<div class=\"hfe-post-content\">\n\t\t\t\t\t\t\t\t\t<h3 class=\"hfe-post-title\">\n\t\t\t\t\t\t<a href=\"https:\/\/inovaconsultoria.eng.br\/v2\/por-que-contratar-um-consultor-imparcial-se-ja-pago-pela-manutencao-entenda-os-papeis-e-proteja-o-seu-investimento\/\" rel=\"bookmark\">\n\t\t\t\t\t\t\tPor Que Contratar Um Consultor Imparcial Se J\u00e1 Pago Pela Manuten\u00e7\u00e3o? Entenda Os Pap\u00e9is E Proteja O Seu Investimento.\t\t\t\t\t\t<\/a>\n\t\t\t\t\t<\/h3>\n\t\t\t\t\n\t\t\t\t\n\t\t\t\t\t\t\t\t\t<div class=\"hfe-post-excerpt\">\n\t\t\t\t\t\tVoc\u00ea confia cegamente no diagn\u00f3stico da empresa que faz a manuten\u00e7\u00e3o dos seus elevadores? Pagar a mensalidade garante o servi\u00e7o...\t\t\t\t\t<\/div>\n\t\t\t\t\n\t\t\t\t\t\t\t\t\t<a href=\"https:\/\/inovaconsultoria.eng.br\/v2\/por-que-contratar-um-consultor-imparcial-se-ja-pago-pela-manutencao-entenda-os-papeis-e-proteja-o-seu-investimento\/\" class=\"hfe-read-more\" rel=\"bookmark\">\n\t\t\t\t\t\tSaiba Mais \u2192\t\t\t\t\t<\/a>\n\t\t\t\t\t\t\t<\/div>\n\t\t<\/article>\n\t\t\t\t<article class=\"hfe-post-card\">\n\t\t\t\t\t\t\t<div class=\"hfe-post-image\">\n\t\t\t\t\t<a href=\"https:\/\/inovaconsultoria.eng.br\/v2\/por-que-a-consultoria-imparcial-e-essencial-na-gestao-de-elevadores\/\" rel=\"bookmark\">\n\t\t\t\t\t\t<img loading=\"lazy\" decoding=\"async\" width=\"240\" height=\"300\" src=\"https:\/\/inovaconsultoria.eng.br\/v2\/wp-content\/uploads\/2025\/11\/inova-1-240x300.jpg\" class=\"attachment-medium size-medium wp-post-image\" alt=\"Por Que a Consultoria Imparcial \u00e9 Essencial na Gest\u00e3o de Elevadores?\" loading=\"lazy\" srcset=\"https:\/\/inovaconsultoria.eng.br\/v2\/wp-content\/uploads\/2025\/11\/inova-1-240x300.jpg 240w, https:\/\/inovaconsultoria.eng.br\/v2\/wp-content\/uploads\/2025\/11\/inova-1.jpg 660w\" sizes=\"auto, (max-width: 240px) 100vw, 240px\" \/>\t\t\t\t\t<\/a>\n\t\t\t\t<\/div>\n\t\t\t\n\t\t\t<div class=\"hfe-post-content\">\n\t\t\t\t\t\t\t\t\t<h3 class=\"hfe-post-title\">\n\t\t\t\t\t\t<a href=\"https:\/\/inovaconsultoria.eng.br\/v2\/por-que-a-consultoria-imparcial-e-essencial-na-gestao-de-elevadores\/\" rel=\"bookmark\">\n\t\t\t\t\t\t\tPor Que a Consultoria Imparcial \u00e9 Essencial na Gest\u00e3o de Elevadores?\t\t\t\t\t\t<\/a>\n\t\t\t\t\t<\/h3>\n\t\t\t\t\n\t\t\t\t\n\t\t\t\t\t\t\t\t\t<div class=\"hfe-post-excerpt\">\n\t\t\t\t\t\tA gest\u00e3o de elevadores em condom\u00ednios e edif\u00edcios comerciais \u00e9 uma tarefa complexa, envolvendo seguran\u00e7a, custos elevados e conhecimento t\u00e9cnico...\t\t\t\t\t<\/div>\n\t\t\t\t\n\t\t\t\t\t\t\t\t\t<a href=\"https:\/\/inovaconsultoria.eng.br\/v2\/por-que-a-consultoria-imparcial-e-essencial-na-gestao-de-elevadores\/\" class=\"hfe-read-more\" rel=\"bookmark\">\n\t\t\t\t\t\tSaiba Mais \u2192\t\t\t\t\t<\/a>\n\t\t\t\t\t\t\t<\/div>\n\t\t<\/article>\n\t\t\t\t<article class=\"hfe-post-card\">\n\t\t\t\t\t\t\t<div class=\"hfe-post-image\">\n\t\t\t\t\t<a href=\"https:\/\/inovaconsultoria.eng.br\/v2\/inova-consultoria-muito-alem-da-inspecao-como-nos-tornamos-o-braco-direito-tecnico-do-sindico\/\" rel=\"bookmark\">\n\t\t\t\t\t\t<img loading=\"lazy\" decoding=\"async\" width=\"240\" height=\"300\" src=\"https:\/\/inovaconsultoria.eng.br\/v2\/wp-content\/uploads\/2025\/11\/inova-240x300.jpg\" class=\"attachment-medium size-medium wp-post-image\" alt=\"Inova Consultoria: Muito Al\u00e9m da Inspe\u00e7\u00e3o \u00ad- Como Nos Tornamos o Bra\u00e7o Direito T\u00e9cnico do S\u00edndico?\" loading=\"lazy\" srcset=\"https:\/\/inovaconsultoria.eng.br\/v2\/wp-content\/uploads\/2025\/11\/inova-240x300.jpg 240w, https:\/\/inovaconsultoria.eng.br\/v2\/wp-content\/uploads\/2025\/11\/inova-768x959.jpg 768w, https:\/\/inovaconsultoria.eng.br\/v2\/wp-content\/uploads\/2025\/11\/inova.jpg 795w\" sizes=\"auto, (max-width: 240px) 100vw, 240px\" \/>\t\t\t\t\t<\/a>\n\t\t\t\t<\/div>\n\t\t\t\n\t\t\t<div class=\"hfe-post-content\">\n\t\t\t\t\t\t\t\t\t<h3 class=\"hfe-post-title\">\n\t\t\t\t\t\t<a href=\"https:\/\/inovaconsultoria.eng.br\/v2\/inova-consultoria-muito-alem-da-inspecao-como-nos-tornamos-o-braco-direito-tecnico-do-sindico\/\" rel=\"bookmark\">\n\t\t\t\t\t\t\tInova Consultoria: Muito Al\u00e9m da Inspe\u00e7\u00e3o \u00ad- Como Nos Tornamos o Bra\u00e7o Direito T\u00e9cnico do S\u00edndico?\t\t\t\t\t\t<\/a>\n\t\t\t\t\t<\/h3>\n\t\t\t\t\n\t\t\t\t\n\t\t\t\t\t\t\t\t\t<div class=\"hfe-post-excerpt\">\n\t\t\t\t\t\tMuitos s\u00edndicos e gestores conhecem a Inova Consultoria pelos nossos laudos t\u00e9cnicos detalhados e inspe\u00e7\u00f5es rigorosas. E, de fato, essa...\t\t\t\t\t<\/div>\n\t\t\t\t\n\t\t\t\t\t\t\t\t\t<a href=\"https:\/\/inovaconsultoria.eng.br\/v2\/inova-consultoria-muito-alem-da-inspecao-como-nos-tornamos-o-braco-direito-tecnico-do-sindico\/\" class=\"hfe-read-more\" rel=\"bookmark\">\n\t\t\t\t\t\tSaiba Mais \u2192\t\t\t\t\t<\/a>\n\t\t\t\t\t\t\t<\/div>\n\t\t<\/article>\n\t\t\t\t<article class=\"hfe-post-card\">\n\t\t\t\t\t\t\t<div class=\"hfe-post-image\">\n\t\t\t\t\t<a href=\"https:\/\/inovaconsultoria.eng.br\/v2\/voce-sabia-5-curiosidades-sobre-o-seu-elevador-residencial\/\" rel=\"bookmark\">\n\t\t\t\t\t\t<img loading=\"lazy\" decoding=\"async\" width=\"239\" height=\"300\" src=\"https:\/\/inovaconsultoria.eng.br\/v2\/wp-content\/uploads\/2025\/11\/voce-sabia-239x300.jpg\" class=\"attachment-medium size-medium wp-post-image\" alt=\"Voc\u00ea Sabia? 5 Curiosidades Sobre o Seu Elevador Residencial!\" loading=\"lazy\" srcset=\"https:\/\/inovaconsultoria.eng.br\/v2\/wp-content\/uploads\/2025\/11\/voce-sabia-239x300.jpg 239w, https:\/\/inovaconsultoria.eng.br\/v2\/wp-content\/uploads\/2025\/11\/voce-sabia.jpg 702w\" sizes=\"auto, (max-width: 239px) 100vw, 239px\" \/>\t\t\t\t\t<\/a>\n\t\t\t\t<\/div>\n\t\t\t\n\t\t\t<div class=\"hfe-post-content\">\n\t\t\t\t\t\t\t\t\t<h3 class=\"hfe-post-title\">\n\t\t\t\t\t\t<a href=\"https:\/\/inovaconsultoria.eng.br\/v2\/voce-sabia-5-curiosidades-sobre-o-seu-elevador-residencial\/\" rel=\"bookmark\">\n\t\t\t\t\t\t\tVoc\u00ea Sabia? 5 Curiosidades Sobre o Seu Elevador Residencial!\t\t\t\t\t\t<\/a>\n\t\t\t\t\t<\/h3>\n\t\t\t\t\n\t\t\t\t\n\t\t\t\t\t\t\t\t\t<div class=\"hfe-post-excerpt\">\n\t\t\t\t\t\tQuando entramos em um elevador, raramente paramos para pensar em tudo o que est\u00e1 por tr\u00e1s daquele simples \u201csubir e...\t\t\t\t\t<\/div>\n\t\t\t\t\n\t\t\t\t\t\t\t\t\t<a href=\"https:\/\/inovaconsultoria.eng.br\/v2\/voce-sabia-5-curiosidades-sobre-o-seu-elevador-residencial\/\" class=\"hfe-read-more\" rel=\"bookmark\">\n\t\t\t\t\t\tSaiba Mais \u2192\t\t\t\t\t<\/a>\n\t\t\t\t\t\t\t<\/div>\n\t\t<\/article>\n\t\t\t\t<article class=\"hfe-post-card\">\n\t\t\t\t\t\t\t<div class=\"hfe-post-image\">\n\t\t\t\t\t<a href=\"https:\/\/inovaconsultoria.eng.br\/v2\/decifrando-o-orcamento-de-modernizacao-quando-e-realmente-necessario-e-como-comparar-propostas\/\" rel=\"bookmark\">\n\t\t\t\t\t\t<img loading=\"lazy\" decoding=\"async\" width=\"300\" height=\"238\" src=\"https:\/\/inovaconsultoria.eng.br\/v2\/wp-content\/uploads\/2025\/11\/elevador-300x238.jpg\" class=\"attachment-medium size-medium wp-post-image\" alt=\"Decifrando o Or\u00e7amento de Moderniza\u00e7\u00e3o: Quando \u00e9 Realmente Necess\u00e1rio e Como Comparar Propostas?\" loading=\"lazy\" srcset=\"https:\/\/inovaconsultoria.eng.br\/v2\/wp-content\/uploads\/2025\/11\/elevador-300x238.jpg 300w, https:\/\/inovaconsultoria.eng.br\/v2\/wp-content\/uploads\/2025\/11\/elevador.jpg 750w\" sizes=\"auto, (max-width: 300px) 100vw, 300px\" \/>\t\t\t\t\t<\/a>\n\t\t\t\t<\/div>\n\t\t\t\n\t\t\t<div class=\"hfe-post-content\">\n\t\t\t\t\t\t\t\t\t<h3 class=\"hfe-post-title\">\n\t\t\t\t\t\t<a href=\"https:\/\/inovaconsultoria.eng.br\/v2\/decifrando-o-orcamento-de-modernizacao-quando-e-realmente-necessario-e-como-comparar-propostas\/\" rel=\"bookmark\">\n\t\t\t\t\t\t\tDecifrando o Or\u00e7amento de Moderniza\u00e7\u00e3o: Quando \u00e9 Realmente Necess\u00e1rio e Como Comparar Propostas?\t\t\t\t\t\t<\/a>\n\t\t\t\t\t<\/h3>\n\t\t\t\t\n\t\t\t\t\n\t\t\t\t\t\t\t\t\t<div class=\"hfe-post-excerpt\">\n\t\t\t\t\t\t&#8220;Moderniza\u00e7\u00e3o do elevador&#8221;. Essas tr\u00eas palavras podem gerar calafrios em qualquer s\u00edndico. O or\u00e7amento geralmente \u00e9 alt\u00edssimo, as propostas s\u00e3o...\t\t\t\t\t<\/div>\n\t\t\t\t\n\t\t\t\t\t\t\t\t\t<a href=\"https:\/\/inovaconsultoria.eng.br\/v2\/decifrando-o-orcamento-de-modernizacao-quando-e-realmente-necessario-e-como-comparar-propostas\/\" class=\"hfe-read-more\" rel=\"bookmark\">\n\t\t\t\t\t\tSaiba Mais \u2192\t\t\t\t\t<\/a>\n\t\t\t\t\t\t\t<\/div>\n\t\t<\/article>\n\t\t\t\t<article class=\"hfe-post-card\">\n\t\t\t\t\t\t\t<div class=\"hfe-post-image\">\n\t\t\t\t\t<a href=\"https:\/\/inovaconsultoria.eng.br\/v2\/condominios-e-responsabilidade-tecnica-quem-responde-em-caso-de-acidente-com-o-elevador\/\" rel=\"bookmark\">\n\t\t\t\t\t\t<img loading=\"lazy\" decoding=\"async\" width=\"300\" height=\"200\" src=\"https:\/\/inovaconsultoria.eng.br\/v2\/wp-content\/uploads\/2025\/11\/laptop-mallet-table-300x200.jpg\" class=\"attachment-medium size-medium wp-post-image\" alt=\"Condom\u00ednios e Responsabilidade T\u00e9cnica: Quem Responde em Caso de Acidente com o Elevador?\" loading=\"lazy\" srcset=\"https:\/\/inovaconsultoria.eng.br\/v2\/wp-content\/uploads\/2025\/11\/laptop-mallet-table-300x200.jpg 300w, https:\/\/inovaconsultoria.eng.br\/v2\/wp-content\/uploads\/2025\/11\/laptop-mallet-table-1024x683.jpg 1024w, https:\/\/inovaconsultoria.eng.br\/v2\/wp-content\/uploads\/2025\/11\/laptop-mallet-table-768x512.jpg 768w, https:\/\/inovaconsultoria.eng.br\/v2\/wp-content\/uploads\/2025\/11\/laptop-mallet-table-1536x1024.jpg 1536w, https:\/\/inovaconsultoria.eng.br\/v2\/wp-content\/uploads\/2025\/11\/laptop-mallet-table-2048x1365.jpg 2048w\" sizes=\"auto, (max-width: 300px) 100vw, 300px\" \/>\t\t\t\t\t<\/a>\n\t\t\t\t<\/div>\n\t\t\t\n\t\t\t<div class=\"hfe-post-content\">\n\t\t\t\t\t\t\t\t\t<h3 class=\"hfe-post-title\">\n\t\t\t\t\t\t<a href=\"https:\/\/inovaconsultoria.eng.br\/v2\/condominios-e-responsabilidade-tecnica-quem-responde-em-caso-de-acidente-com-o-elevador\/\" rel=\"bookmark\">\n\t\t\t\t\t\t\tCondom\u00ednios e Responsabilidade T\u00e9cnica: Quem Responde em Caso de Acidente com o Elevador?\t\t\t\t\t\t<\/a>\n\t\t\t\t\t<\/h3>\n\t\t\t\t\n\t\t\t\t\n\t\t\t\t\t\t\t\t\t<div class=\"hfe-post-excerpt\">\n\t\t\t\t\t\t\u00c9 um cen\u00e1rio que nenhum s\u00edndico ou gestor de condom\u00ednio quer imaginar. O elevador, o meio de transporte mais seguro...\t\t\t\t\t<\/div>\n\t\t\t\t\n\t\t\t\t\t\t\t\t\t<a href=\"https:\/\/inovaconsultoria.eng.br\/v2\/condominios-e-responsabilidade-tecnica-quem-responde-em-caso-de-acidente-com-o-elevador\/\" class=\"hfe-read-more\" rel=\"bookmark\">\n\t\t\t\t\t\tSaiba Mais \u2192\t\t\t\t\t<\/a>\n\t\t\t\t\t\t\t<\/div>\n\t\t<\/article>\n\t\t\t\t<article class=\"hfe-post-card\">\n\t\t\t\t\t\t\t<div class=\"hfe-post-image\">\n\t\t\t\t\t<a href=\"https:\/\/inovaconsultoria.eng.br\/v2\/como-saber-se-o-contrato-de-manutencao-do-seu-elevador-e-justo-e-seguro\/\" rel=\"bookmark\">\n\t\t\t\t\t\t<img loading=\"lazy\" decoding=\"async\" width=\"300\" height=\"200\" src=\"https:\/\/inovaconsultoria.eng.br\/v2\/wp-content\/uploads\/2025\/10\/img-5-300x200.jpg\" class=\"attachment-medium size-medium wp-post-image\" alt=\"Como saber se o contrato de manuten\u00e7\u00e3o do seu elevador \u00e9 justo e seguro\" loading=\"lazy\" srcset=\"https:\/\/inovaconsultoria.eng.br\/v2\/wp-content\/uploads\/2025\/10\/img-5-300x200.jpg 300w, https:\/\/inovaconsultoria.eng.br\/v2\/wp-content\/uploads\/2025\/10\/img-5-1024x683.jpg 1024w, https:\/\/inovaconsultoria.eng.br\/v2\/wp-content\/uploads\/2025\/10\/img-5-768x512.jpg 768w, https:\/\/inovaconsultoria.eng.br\/v2\/wp-content\/uploads\/2025\/10\/img-5.jpg 1536w\" sizes=\"auto, (max-width: 300px) 100vw, 300px\" \/>\t\t\t\t\t<\/a>\n\t\t\t\t<\/div>\n\t\t\t\n\t\t\t<div class=\"hfe-post-content\">\n\t\t\t\t\t\t\t\t\t<h3 class=\"hfe-post-title\">\n\t\t\t\t\t\t<a href=\"https:\/\/inovaconsultoria.eng.br\/v2\/como-saber-se-o-contrato-de-manutencao-do-seu-elevador-e-justo-e-seguro\/\" rel=\"bookmark\">\n\t\t\t\t\t\t\tComo saber se o contrato de manuten\u00e7\u00e3o do seu elevador \u00e9 justo e seguro\t\t\t\t\t\t<\/a>\n\t\t\t\t\t<\/h3>\n\t\t\t\t\n\t\t\t\t\n\t\t\t\t\t\t\t\t\t<div class=\"hfe-post-excerpt\">\n\t\t\t\t\t\tEntenda os principais pontos de aten\u00e7\u00e3o nos contratos de manuten\u00e7\u00e3o e saiba como uma consultoria imparcial pode proteger o seu...\t\t\t\t\t<\/div>\n\t\t\t\t\n\t\t\t\t\t\t\t\t\t<a href=\"https:\/\/inovaconsultoria.eng.br\/v2\/como-saber-se-o-contrato-de-manutencao-do-seu-elevador-e-justo-e-seguro\/\" class=\"hfe-read-more\" rel=\"bookmark\">\n\t\t\t\t\t\tSaiba Mais \u2192\t\t\t\t\t<\/a>\n\t\t\t\t\t\t\t<\/div>\n\t\t<\/article>\n\t\t\t\t<article class=\"hfe-post-card\">\n\t\t\t\t\t\t\t<div class=\"hfe-post-image\">\n\t\t\t\t\t<a href=\"https:\/\/inovaconsultoria.eng.br\/v2\/o-papel-da-consultoria-imparcial-em-predios-novos-e-obras\/\" rel=\"bookmark\">\n\t\t\t\t\t\t<img loading=\"lazy\" decoding=\"async\" width=\"300\" height=\"182\" src=\"https:\/\/inovaconsultoria.eng.br\/v2\/wp-content\/uploads\/2025\/10\/img-4-300x182.jpg\" class=\"attachment-medium size-medium wp-post-image\" alt=\"O papel da consultoria imparcial em pr\u00e9dios novos e obras\" loading=\"lazy\" srcset=\"https:\/\/inovaconsultoria.eng.br\/v2\/wp-content\/uploads\/2025\/10\/img-4-300x182.jpg 300w, https:\/\/inovaconsultoria.eng.br\/v2\/wp-content\/uploads\/2025\/10\/img-4-1024x620.jpg 1024w, https:\/\/inovaconsultoria.eng.br\/v2\/wp-content\/uploads\/2025\/10\/img-4-768x465.jpg 768w, https:\/\/inovaconsultoria.eng.br\/v2\/wp-content\/uploads\/2025\/10\/img-4.jpg 1145w\" sizes=\"auto, (max-width: 300px) 100vw, 300px\" \/>\t\t\t\t\t<\/a>\n\t\t\t\t<\/div>\n\t\t\t\n\t\t\t<div class=\"hfe-post-content\">\n\t\t\t\t\t\t\t\t\t<h3 class=\"hfe-post-title\">\n\t\t\t\t\t\t<a href=\"https:\/\/inovaconsultoria.eng.br\/v2\/o-papel-da-consultoria-imparcial-em-predios-novos-e-obras\/\" rel=\"bookmark\">\n\t\t\t\t\t\t\tO papel da consultoria imparcial em pr\u00e9dios novos e obras\t\t\t\t\t\t<\/a>\n\t\t\t\t\t<\/h3>\n\t\t\t\t\n\t\t\t\t\n\t\t\t\t\t\t\t\t\t<div class=\"hfe-post-excerpt\">\n\t\t\t\t\t\tNa fase de entrega de um novo empreendimento, cada detalhe t\u00e9cnico faz diferen\u00e7a \u2014 especialmente quando se trata de seguran\u00e7a...\t\t\t\t\t<\/div>\n\t\t\t\t\n\t\t\t\t\t\t\t\t\t<a href=\"https:\/\/inovaconsultoria.eng.br\/v2\/o-papel-da-consultoria-imparcial-em-predios-novos-e-obras\/\" class=\"hfe-read-more\" rel=\"bookmark\">\n\t\t\t\t\t\tSaiba Mais \u2192\t\t\t\t\t<\/a>\n\t\t\t\t\t\t\t<\/div>\n\t\t<\/article>\n\t\t\t\t<article class=\"hfe-post-card\">\n\t\t\t\t\t\t\t<div class=\"hfe-post-image\">\n\t\t\t\t\t<a href=\"https:\/\/inovaconsultoria.eng.br\/v2\/investimento-nao-gasto-4-maneiras-como-uma-consultoria-imparcial-reduz-os-custos-de-seu-elevador\/\" rel=\"bookmark\">\n\t\t\t\t\t\t<img loading=\"lazy\" decoding=\"async\" width=\"300\" height=\"207\" src=\"https:\/\/inovaconsultoria.eng.br\/v2\/wp-content\/uploads\/2025\/10\/forex-trade-graph-chart-concept-300x207.jpg\" class=\"attachment-medium size-medium wp-post-image\" alt=\"Investimento, N\u00e3o Gasto: 4 Maneiras Como uma Consultoria imparcial Reduz os Custos de seu Elevador\" loading=\"lazy\" srcset=\"https:\/\/inovaconsultoria.eng.br\/v2\/wp-content\/uploads\/2025\/10\/forex-trade-graph-chart-concept-300x207.jpg 300w, https:\/\/inovaconsultoria.eng.br\/v2\/wp-content\/uploads\/2025\/10\/forex-trade-graph-chart-concept-1024x705.jpg 1024w, https:\/\/inovaconsultoria.eng.br\/v2\/wp-content\/uploads\/2025\/10\/forex-trade-graph-chart-concept-768x529.jpg 768w, https:\/\/inovaconsultoria.eng.br\/v2\/wp-content\/uploads\/2025\/10\/forex-trade-graph-chart-concept-1536x1058.jpg 1536w, https:\/\/inovaconsultoria.eng.br\/v2\/wp-content\/uploads\/2025\/10\/forex-trade-graph-chart-concept-2048x1411.jpg 2048w\" sizes=\"auto, (max-width: 300px) 100vw, 300px\" \/>\t\t\t\t\t<\/a>\n\t\t\t\t<\/div>\n\t\t\t\n\t\t\t<div class=\"hfe-post-content\">\n\t\t\t\t\t\t\t\t\t<h3 class=\"hfe-post-title\">\n\t\t\t\t\t\t<a href=\"https:\/\/inovaconsultoria.eng.br\/v2\/investimento-nao-gasto-4-maneiras-como-uma-consultoria-imparcial-reduz-os-custos-de-seu-elevador\/\" rel=\"bookmark\">\n\t\t\t\t\t\t\tInvestimento, N\u00e3o Gasto: 4 Maneiras Como uma Consultoria imparcial Reduz os Custos de seu Elevador\t\t\t\t\t\t<\/a>\n\t\t\t\t\t<\/h3>\n\t\t\t\t\n\t\t\t\t\n\t\t\t\t\t\t\t\t\t<div class=\"hfe-post-excerpt\">\n\t\t\t\t\t\tNossos clientes j\u00e1 reduziram custos sem comprometer a seguran\u00e7a. Para um s\u00edndico, a palavra \u201ccusto\u201d est\u00e1 presente em todas as...\t\t\t\t\t<\/div>\n\t\t\t\t\n\t\t\t\t\t\t\t\t\t<a href=\"https:\/\/inovaconsultoria.eng.br\/v2\/investimento-nao-gasto-4-maneiras-como-uma-consultoria-imparcial-reduz-os-custos-de-seu-elevador\/\" class=\"hfe-read-more\" rel=\"bookmark\">\n\t\t\t\t\t\tSaiba Mais \u2192\t\t\t\t\t<\/a>\n\t\t\t\t\t\t\t<\/div>\n\t\t<\/article>\n\t\t\t\t<article class=\"hfe-post-card\">\n\t\t\t\t\t\t\t<div class=\"hfe-post-image\">\n\t\t\t\t\t<a href=\"https:\/\/inovaconsultoria.eng.br\/v2\/checklist-de-seguranca-para-elevadores-em-condominios\/\" rel=\"bookmark\">\n\t\t\t\t\t\t<img loading=\"lazy\" decoding=\"async\" width=\"300\" height=\"182\" src=\"https:\/\/inovaconsultoria.eng.br\/v2\/wp-content\/uploads\/2025\/10\/img-2-300x182.jpg\" class=\"attachment-medium size-medium wp-post-image\" alt=\"Checklist de seguran\u00e7a para elevadores em condom\u00ednios\" loading=\"lazy\" srcset=\"https:\/\/inovaconsultoria.eng.br\/v2\/wp-content\/uploads\/2025\/10\/img-2-300x182.jpg 300w, https:\/\/inovaconsultoria.eng.br\/v2\/wp-content\/uploads\/2025\/10\/img-2-1024x620.jpg 1024w, https:\/\/inovaconsultoria.eng.br\/v2\/wp-content\/uploads\/2025\/10\/img-2-768x465.jpg 768w, https:\/\/inovaconsultoria.eng.br\/v2\/wp-content\/uploads\/2025\/10\/img-2.jpg 1145w\" sizes=\"auto, (max-width: 300px) 100vw, 300px\" \/>\t\t\t\t\t<\/a>\n\t\t\t\t<\/div>\n\t\t\t\n\t\t\t<div class=\"hfe-post-content\">\n\t\t\t\t\t\t\t\t\t<h3 class=\"hfe-post-title\">\n\t\t\t\t\t\t<a href=\"https:\/\/inovaconsultoria.eng.br\/v2\/checklist-de-seguranca-para-elevadores-em-condominios\/\" rel=\"bookmark\">\n\t\t\t\t\t\t\tChecklist de seguran\u00e7a para elevadores em condom\u00ednios\t\t\t\t\t\t<\/a>\n\t\t\t\t\t<\/h3>\n\t\t\t\t\n\t\t\t\t\n\t\t\t\t\t\t\t\t\t<div class=\"hfe-post-excerpt\">\n\t\t\t\t\t\tCuidar de um condom\u00ednio envolve muitas responsabilidades, e uma das mais importantes \u00e9 garantir o bom funcionamento e a seguran\u00e7a...\t\t\t\t\t<\/div>\n\t\t\t\t\n\t\t\t\t\t\t\t\t\t<a href=\"https:\/\/inovaconsultoria.eng.br\/v2\/checklist-de-seguranca-para-elevadores-em-condominios\/\" class=\"hfe-read-more\" rel=\"bookmark\">\n\t\t\t\t\t\tSaiba Mais \u2192\t\t\t\t\t<\/a>\n\t\t\t\t\t\t\t<\/div>\n\t\t<\/article>\n\t\t\t\t<article class=\"hfe-post-card\">\n\t\t\t\t\t\t\t<div class=\"hfe-post-image\">\n\t\t\t\t\t<a href=\"https:\/\/inovaconsultoria.eng.br\/v2\/5-sinais-de-que-seu-elevador-precisa-de-uma-vistoria-tecnica\/\" rel=\"bookmark\">\n\t\t\t\t\t\t<img loading=\"lazy\" decoding=\"async\" width=\"300\" height=\"182\" src=\"https:\/\/inovaconsultoria.eng.br\/v2\/wp-content\/uploads\/2025\/10\/img-1-300x182.jpg\" class=\"attachment-medium size-medium wp-post-image\" alt=\"5 sinais de que seu elevador precisa de uma vistoria t\u00e9cnica\" loading=\"lazy\" srcset=\"https:\/\/inovaconsultoria.eng.br\/v2\/wp-content\/uploads\/2025\/10\/img-1-300x182.jpg 300w, https:\/\/inovaconsultoria.eng.br\/v2\/wp-content\/uploads\/2025\/10\/img-1-1024x620.jpg 1024w, https:\/\/inovaconsultoria.eng.br\/v2\/wp-content\/uploads\/2025\/10\/img-1-768x465.jpg 768w, https:\/\/inovaconsultoria.eng.br\/v2\/wp-content\/uploads\/2025\/10\/img-1.jpg 1145w\" sizes=\"auto, (max-width: 300px) 100vw, 300px\" \/>\t\t\t\t\t<\/a>\n\t\t\t\t<\/div>\n\t\t\t\n\t\t\t<div class=\"hfe-post-content\">\n\t\t\t\t\t\t\t\t\t<h3 class=\"hfe-post-title\">\n\t\t\t\t\t\t<a href=\"https:\/\/inovaconsultoria.eng.br\/v2\/5-sinais-de-que-seu-elevador-precisa-de-uma-vistoria-tecnica\/\" rel=\"bookmark\">\n\t\t\t\t\t\t\t5 sinais de que seu elevador precisa de uma vistoria t\u00e9cnica\t\t\t\t\t\t<\/a>\n\t\t\t\t\t<\/h3>\n\t\t\t\t\n\t\t\t\t\n\t\t\t\t\t\t\t\t\t<div class=\"hfe-post-excerpt\">\n\t\t\t\t\t\tOs elevadores s\u00e3o parte essencial da rotina de qualquer condom\u00ednio. Mas, com o tempo, o uso constante e a falta...\t\t\t\t\t<\/div>\n\t\t\t\t\n\t\t\t\t\t\t\t\t\t<a href=\"https:\/\/inovaconsultoria.eng.br\/v2\/5-sinais-de-que-seu-elevador-precisa-de-uma-vistoria-tecnica\/\" class=\"hfe-read-more\" rel=\"bookmark\">\n\t\t\t\t\t\tSaiba Mais \u2192\t\t\t\t\t<\/a>\n\t\t\t\t\t\t\t<\/div>\n\t\t<\/article>\n\t\t<\/div>\n\t\t\t\t<\/div>\n\t\t\t\t<\/div>\n\t\t\t\t<\/div>\n\t\t\t\t\t<\/div>\n\t\t\t\t<\/div>\n\t\t\t\t<\/div>\n\t\t","protected":false},"excerpt":{"rendered":"<p>Como saber se o contrato de manuten\u00e7\u00e3o do seu elevador \u00e9 justo e seguro Entenda os principais pontos de aten\u00e7\u00e3o nos contratos de manuten\u00e7\u00e3o e saiba como uma consultoria imparcial pode proteger o seu&#8230; Saiba Mais \u2192 O papel da consultoria imparcial em pr\u00e9dios novos e obras Na fase de entrega de um novo empreendimento, cada detalhe t\u00e9cnico faz diferen\u00e7a \u2014 especialmente quando se trata de seguran\u00e7a&#8230; Saiba Mais \u2192 Investimento, N\u00e3o Gasto: 4 Maneiras Como uma Consultoria imparcial Reduz os Custos de seu Elevador Nossos clientes j\u00e1 reduziram custos sem comprometer a seguran\u00e7a. Para um s\u00edndico, a palavra \u201ccusto\u201d est\u00e1 presente em todas as&#8230; Saiba Mais \u2192 Checklist de seguran\u00e7a para elevadores em condom\u00ednios Cuidar de um condom\u00ednio envolve muitas responsabilidades, e uma das mais importantes \u00e9 garantir o bom funcionamento e a seguran\u00e7a&#8230; Saiba Mais \u2192 5 sinais de que seu elevador precisa de uma vistoria t\u00e9cnica Os elevadores s\u00e3o parte essencial da rotina de qualquer condom\u00ednio. Mas, com o tempo, o uso constante e a falta&#8230; Saiba Mais \u2192<\/p>\n","protected":false},"author":1,"featured_media":0,"parent":0,"menu_order":0,"comment_status":"closed","ping_status":"closed","template":"elementor_header_footer","meta":{"_joinchat":[],"footnotes":""},"class_list":["post-316","page","type-page","status-publish","hentry"],"_links":{"self":[{"href":"https:\/\/inovaconsultoria.eng.br\/v2\/wp-json\/wp\/v2\/pages\/316","targetHints":{"allow":["GET"]}}],"collection":[{"href":"https:\/\/inovaconsultoria.eng.br\/v2\/wp-json\/wp\/v2\/pages"}],"about":[{"href":"https:\/\/inovaconsultoria.eng.br\/v2\/wp-json\/wp\/v2\/types\/page"}],"author":[{"embeddable":true,"href":"https:\/\/inovaconsultoria.eng.br\/v2\/wp-json\/wp\/v2\/users\/1"}],"replies":[{"embeddable":true,"href":"https:\/\/inovaconsultoria.eng.br\/v2\/wp-json\/wp\/v2\/comments?post=316"}],"version-history":[{"count":7,"href":"https:\/\/inovaconsultoria.eng.br\/v2\/wp-json\/wp\/v2\/pages\/316\/revisions"}],"predecessor-version":[{"id":407,"href":"https:\/\/inovaconsultoria.eng.br\/v2\/wp-json\/wp\/v2\/pages\/316\/revisions\/407"}],"wp:attachment":[{"href":"https:\/\/inovaconsultoria.eng.br\/v2\/wp-json\/wp\/v2\/media?parent=316"}],"curies":[{"name":"wp","href":"https:\/\/api.w.org\/{rel}","templated":true}]}}